{"id":725,"date":"2021-08-11T20:26:07","date_gmt":"2021-08-11T20:26:07","guid":{"rendered":"http:\/\/jhonatanmontes.com\/?page_id=725"},"modified":"2021-08-26T22:18:11","modified_gmt":"2021-08-26T22:18:11","slug":"blog-jhonatan-montes","status":"publish","type":"page","link":"https:\/\/jhonatanmontes.com\/index.php\/blog-jhonatan-montes\/","title":{"rendered":"Blog"},"content":{"rendered":"\t\t<div data-elementor-type=\"wp-page\" data-elementor-id=\"725\" class=\"elementor elementor-725\" data-elementor-settings=\"{&quot;ha_cmc_init_switcher&quot;:&quot;no&quot;}\">\n\t\t\t\t\t\t<section class=\"has_eae_slider elementor-section elementor-top-section elementor-element elementor-element-10f2a8a2 elementor-section-content-middle elementor-section-boxed elementor-section-height-default elementor-section-height-default\" data-eae-slider=\"39028\" data-id=\"10f2a8a2\" data-element_type=\"section\" data-settings=\"{&quot;background_background&quot;:&quot;classic&quot;,&quot;_ha_eqh_enable&quot;:false}\">\n\t\t\t\t\t\t<div class=\"elementor-container elementor-column-gap-no\">\n\t\t\t\t\t<div class=\"has_eae_slider elementor-column elementor-col-100 elementor-top-column elementor-element elementor-element-32164145\" data-eae-slider=\"96983\" data-id=\"32164145\" data-element_type=\"column\">\n\t\t\t<div class=\"elementor-widget-wrap elementor-element-populated\">\n\t\t\t\t\t\t<div class=\"elementor-element elementor-element-631dc920 elementor-invisible elementor-widget elementor-widget-heading\" data-id=\"631dc920\" data-element_type=\"widget\" data-settings=\"{&quot;_animation&quot;:&quot;fadeInDown&quot;}\" data-widget_type=\"heading.default\">\n\t\t\t\t<div class=\"elementor-widget-container\">\n\t\t\t\t\t<h4 class=\"elementor-heading-title elementor-size-default\">BLOG<\/h4>\t\t\t\t<\/div>\n\t\t\t\t<\/div>\n\t\t\t\t<div class=\"elementor-element elementor-element-236744bf elementor-absolute elementor-invisible elementor-widget elementor-widget-heading\" data-id=\"236744bf\" data-element_type=\"widget\" data-settings=\"{&quot;_animation&quot;:&quot;fadeInUp&quot;,&quot;ha_floating_fx&quot;:&quot;yes&quot;,&quot;ha_floating_fx_translate_toggle&quot;:&quot;yes&quot;,&quot;ha_floating_fx_translate_x&quot;:{&quot;unit&quot;:&quot;px&quot;,&quot;size&quot;:&quot;&quot;,&quot;sizes&quot;:{&quot;from&quot;:0,&quot;to&quot;:0}},&quot;ha_floating_fx_translate_y&quot;:{&quot;unit&quot;:&quot;px&quot;,&quot;size&quot;:&quot;&quot;,&quot;sizes&quot;:{&quot;from&quot;:0,&quot;to&quot;:13}},&quot;_position&quot;:&quot;absolute&quot;,&quot;ha_floating_fx_translate_duration&quot;:{&quot;unit&quot;:&quot;px&quot;,&quot;size&quot;:1000,&quot;sizes&quot;:[]},&quot;ha_floating_fx_translate_delay&quot;:{&quot;unit&quot;:&quot;px&quot;,&quot;size&quot;:&quot;&quot;,&quot;sizes&quot;:[]}}\" data-widget_type=\"heading.default\">\n\t\t\t\t<div class=\"elementor-widget-container\">\n\t\t\t\t\t<h5 class=\"elementor-heading-title elementor-size-default\">Jhonatan Montes<\/h5>\t\t\t\t<\/div>\n\t\t\t\t<\/div>\n\t\t\t\t\t<\/div>\n\t\t<\/div>\n\t\t\t\t\t<\/div>\n\t\t<\/section>\n\t\t\t\t<section class=\"has_eae_slider elementor-section elementor-top-section elementor-element elementor-element-79e4ec4 elementor-section-boxed elementor-section-height-default elementor-section-height-default\" data-eae-slider=\"38843\" data-id=\"79e4ec4\" data-element_type=\"section\" data-settings=\"{&quot;background_background&quot;:&quot;classic&quot;,&quot;_ha_eqh_enable&quot;:false}\">\n\t\t\t\t\t\t\t<div class=\"elementor-background-overlay\"><\/div>\n\t\t\t\t\t\t\t<div class=\"elementor-container elementor-column-gap-default\">\n\t\t\t\t\t<div class=\"has_eae_slider elementor-column elementor-col-100 elementor-top-column elementor-element elementor-element-b34935b\" data-eae-slider=\"79007\" data-id=\"b34935b\" data-element_type=\"column\" data-settings=\"{&quot;background_background&quot;:&quot;classic&quot;}\">\n\t\t\t<div class=\"elementor-widget-wrap elementor-element-populated\">\n\t\t\t\t\t<div class=\"elementor-background-overlay\"><\/div>\n\t\t\t\t\t\t<div class=\"elementor-element elementor-element-c3c2301 ha-has-bg-overlay elementor-widget elementor-widget-blogmentor_blog_posts\" data-id=\"c3c2301\" data-element_type=\"widget\" data-widget_type=\"blogmentor_blog_posts.default\">\n\t\t\t\t<div class=\"elementor-widget-container\">\n\t\t\t\t\t\t\t\n\t\t\t\t<script>\n\tjQuery(function($) {\n    \/\/ init Masonry\n    var $grid = $('.bm-masonry-grid').masonry({\n        \/\/ options\n        itemSelector: '.bm-masonry-item',\n\n    });\n    \/\/ layout Masonry after each image loads\n    $grid.imagesLoaded().progress( function() {\n        $grid.masonry('layout');\n    });\n});\n<\/script>\n<div class=\"bm-masonry-style-2\">\n\t<div class=\"bm-masonry-grid\">\n\t\t\t\t<div class=\"bm-masonry-item bm_content_box\">\n\t\t\t\t\t\t\t<div class=\"bm-masonry-wrapper\">\n\t\t\t\t\t<div class=\"bm-masonry-title\">\n\t\t\t\t\t\t<h4 class=\"bm_title\"><a href=\"https:\/\/jhonatanmontes.com\/index.php\/2021\/08\/11\/cuida-tu-familia\/\" rel=\"bookmark\">Cuida tu familia<\/a><\/h4>\t\t\t\t\t<\/div>\n\t\t\t\t<\/div>\n\t\t\t\t\t\t\t\t\t<div class=\"bm-post-image clearfix bm-hover-effect bm-hover-effect-opacity\">\n\t\t\t\t\t<img fetchpriority=\"high\" decoding=\"async\" width=\"250\" height=\"250\" src=\"https:\/\/jhonatanmontes.com\/wp-content\/uploads\/2021\/08\/Screenshot_20210814-185223_Instagram-e1629157848829-250x250.jpg\" class=\"attachment-bm-post-thumb size-bm-post-thumb wp-post-image\" alt=\"\" srcset=\"https:\/\/jhonatanmontes.com\/wp-content\/uploads\/2021\/08\/Screenshot_20210814-185223_Instagram-e1629157848829-250x250.jpg 250w, https:\/\/jhonatanmontes.com\/wp-content\/uploads\/2021\/08\/Screenshot_20210814-185223_Instagram-e1629157848829-300x300.jpg 300w, https:\/\/jhonatanmontes.com\/wp-content\/uploads\/2021\/08\/Screenshot_20210814-185223_Instagram-e1629157848829-1024x1024.jpg 1024w, https:\/\/jhonatanmontes.com\/wp-content\/uploads\/2021\/08\/Screenshot_20210814-185223_Instagram-e1629157848829-150x150.jpg 150w, https:\/\/jhonatanmontes.com\/wp-content\/uploads\/2021\/08\/Screenshot_20210814-185223_Instagram-e1629157848829-768x768.jpg 768w, https:\/\/jhonatanmontes.com\/wp-content\/uploads\/2021\/08\/Screenshot_20210814-185223_Instagram-e1629157848829.jpg 1074w\" sizes=\"(max-width: 250px) 100vw, 250px\" \/>\t\t\t\t\t<\/div>\n\t\t\t\t\t\t\t\t<div class=\"bm-masonry-wrapper\">\n\t\t\t\t\t<div class=\"bm-masonry-meta bm_meta\">\n\t\t\t\t\t<span class=\"byauthor\"><i class=\"fa fa-user\" aria-hidden=\"true\"><\/i><span class=\"screen-reader-text\">Publicado por<\/span><span class=\"author vcard\"><a class=\"url fn n\" href=\"https:\/\/jhonatanmontes.com\/index.php\/author\/jhonatanmontes\/\">jhonatanmontes<\/a><\/span><\/span><span class=\"posted-on\"><i class=\"fa fa-clock\" aria-hidden=\"true\"><\/i><a href=\"https:\/\/jhonatanmontes.com\/index.php\/2021\/08\/11\/cuida-tu-familia\/\" rel=\"bookmark\">agosto 11, 2021<\/a><\/span>\t\t\t\t\t<\/div>\n\t\t\t\t\t<div class=\"bm-masonry-desc bm_content\">\n\t\t\t\t\tCuida tu familia. (G\u00e9nesis 3) La familia fue el plan perfecto de Dios, Ad\u00e1n y Eva pecaron y por esa<a href=\"https:\/\/jhonatanmontes.com\/index.php\/2021\/08\/11\/cuida-tu-familia\/\" rel=\"bookmark\" class=\"bm-read-more entry-read-more\">Leer m\u00e1s \u00bb<\/a>\t\t\t\t\t<\/div>\n\t\t\t\t<\/div>\n\t\t\t\t\t\t<\/div>\n\t\t<\/div>\n<\/div>\t\t\t<div class=\"bm-pagination pagination_style_2\">\n\t\t\t\t\t\t\t<\/div>\n\t\t\t\t\t\t<\/div>\n\t\t\t\t<\/div>\n\t\t\t\t\t<\/div>\n\t\t<\/div>\n\t\t\t\t\t<\/div>\n\t\t<\/section>\n\t\t\t\t<\/div>\n\t\t","protected":false},"excerpt":{"rendered":"<p>BLOG Jhonatan Montes Cuida tu familia Publicado porjhonatanmontesagosto 11, 2021 Cuida tu familia. (G\u00e9nesis 3) La familia fue el plan perfecto de Dios, Ad\u00e1n y Eva pecaron y por esaLeer m\u00e1s \u00bb<\/p>\n","protected":false},"author":1,"featured_media":0,"parent":0,"menu_order":0,"comment_status":"closed","ping_status":"closed","template":"","meta":{"site-sidebar-layout":"no-sidebar","site-content-layout":"page-builder","ast-site-content-layout":"","site-content-style":"default","site-sidebar-style":"default","ast-global-header-display":"","ast-banner-title-visibility":"","ast-main-header-display":"","ast-hfb-above-header-display":"","ast-hfb-below-header-display":"","ast-hfb-mobile-header-display":"","site-post-title":"disabled","ast-breadcrumbs-content":"","ast-featured-img":"disabled","footer-sml-layout":"","theme-transparent-header-meta":"enabled","adv-header-id-meta":"","stick-header-meta":"","header-above-stick-meta":"","header-main-stick-meta":"","header-below-stick-meta":"","astra-migrate-meta-layouts":"default","ast-page-background-enabled":"default","ast-page-background-meta":{"desktop":{"background-color":"","background-image":"","background-repeat":"repeat","background-position":"center center","background-size":"auto","background-attachment":"scroll","background-type":"","background-media":"","overlay-type":"","overlay-color":"","overlay-opacity":"","overlay-gradient":""},"tablet":{"background-color":"","background-image":"","background-repeat":"repeat","background-position":"center center","background-size":"auto","background-attachment":"scroll","background-type":"","background-media":"","overlay-type":"","overlay-color":"","overlay-opacity":"","overlay-gradient":""},"mobile":{"background-color":"","background-image":"","background-repeat":"repeat","background-position":"center center","background-size":"auto","background-attachment":"scroll","background-type":"","background-media":"","overlay-type":"","overlay-color":"","overlay-opacity":"","overlay-gradient":""}},"ast-content-background-meta":{"desktop":{"background-color":"var(--ast-global-color-5)","background-image":"","background-repeat":"repeat","background-position":"center center","background-size":"auto","background-attachment":"scroll","background-type":"","background-media":"","overlay-type":"","overlay-color":"","overlay-opacity":"","overlay-gradient":""},"tablet":{"background-color":"var(--ast-global-color-5)","background-image":"","background-repeat":"repeat","background-position":"center center","background-size":"auto","background-attachment":"scroll","background-type":"","background-media":"","overlay-type":"","overlay-color":"","overlay-opacity":"","overlay-gradient":""},"mobile":{"background-color":"var(--ast-global-color-5)","background-image":"","background-repeat":"repeat","background-position":"center center","background-size":"auto","background-attachment":"scroll","background-type":"","background-media":"","overlay-type":"","overlay-color":"","overlay-opacity":"","overlay-gradient":""}},"footnotes":""},"_links":{"self":[{"href":"https:\/\/jhonatanmontes.com\/index.php\/wp-json\/wp\/v2\/pages\/725"}],"collection":[{"href":"https:\/\/jhonatanmontes.com\/index.php\/wp-json\/wp\/v2\/pages"}],"about":[{"href":"https:\/\/jhonatanmontes.com\/index.php\/wp-json\/wp\/v2\/types\/page"}],"author":[{"embeddable":true,"href":"https:\/\/jhonatanmontes.com\/index.php\/wp-json\/wp\/v2\/users\/1"}],"replies":[{"embeddable":true,"href":"https:\/\/jhonatanmontes.com\/index.php\/wp-json\/wp\/v2\/comments?post=725"}],"version-history":[{"count":119,"href":"https:\/\/jhonatanmontes.com\/index.php\/wp-json\/wp\/v2\/pages\/725\/revisions"}],"predecessor-version":[{"id":2567,"href":"https:\/\/jhonatanmontes.com\/index.php\/wp-json\/wp\/v2\/pages\/725\/revisions\/2567"}],"wp:attachment":[{"href":"https:\/\/jhonatanmontes.com\/index.php\/wp-json\/wp\/v2\/media?parent=725"}],"curies":[{"name":"wp","href":"https:\/\/api.w.org\/{rel}","templated":true}]}}