{"id":552,"date":"2020-09-16T07:17:44","date_gmt":"2020-09-16T07:17:44","guid":{"rendered":"http:\/\/jhonatanmontes.com\/index.php\/home\/"},"modified":"2023-04-28T01:32:05","modified_gmt":"2023-04-28T01:32:05","slug":"inicio","status":"publish","type":"page","link":"https:\/\/jhonatanmontes.com\/","title":{"rendered":"Inicio"},"content":{"rendered":"\t\t<div data-elementor-type=\"wp-page\" data-elementor-id=\"552\" class=\"elementor elementor-552\" data-elementor-settings=\"{&quot;ha_cmc_init_switcher&quot;:&quot;no&quot;}\">\n\t\t\t\t\t\t<section class=\"has_eae_slider elementor-section elementor-top-section elementor-element elementor-element-9334736 elementor-section-full_width elementor-section-height-full elementor-section-height-default elementor-section-items-middle\" data-eae-slider=\"1507\" data-id=\"9334736\" data-element_type=\"section\" data-settings=\"{&quot;background_background&quot;:&quot;video&quot;,&quot;background_video_link&quot;:&quot;https:\\\/\\\/www.youtube.com\\\/watch?v=qUyWIbpY4yA&quot;,&quot;background_video_start&quot;:18,&quot;background_video_end&quot;:150,&quot;background_play_on_mobile&quot;:&quot;yes&quot;,&quot;_ha_eqh_enable&quot;:false}\">\n\t\t\t\t\t\t\t\t<div class=\"elementor-background-video-container\">\n\t\t\t\t\t\t\t\t\t\t\t\t\t<div class=\"elementor-background-video-embed\"><\/div>\n\t\t\t\t\t\t\t\t\t\t\t\t<\/div>\n\t\t\t\t\t\t\t\t\t<div class=\"elementor-background-overlay\"><\/div>\n\t\t\t\t\t\t\t<div class=\"elementor-container elementor-column-gap-no\">\n\t\t\t\t\t<div class=\"has_eae_slider elementor-column elementor-col-100 elementor-top-column elementor-element elementor-element-c39c68e\" data-eae-slider=\"75111\" data-id=\"c39c68e\" data-element_type=\"column\">\n\t\t\t<div class=\"elementor-widget-wrap elementor-element-populated\">\n\t\t\t\t\t\t<div class=\"elementor-element elementor-element-bba56f9 elementor-hidden-mobile elementor-widget elementor-widget-elementskit-video\" data-id=\"bba56f9\" data-element_type=\"widget\" data-widget_type=\"elementskit-video.default\">\n\t\t\t\t<div class=\"elementor-widget-container\">\n\t\t\t\t\t<div class=\"ekit-wid-con\" >\t\t<div class=\"video-content\" data-video-player=\"[]\" data-video-setting=\"{&quot;videoVolume&quot;:&quot;horizontal&quot;,&quot;startVolume&quot;:0.8,&quot;videoType&quot;:&quot;iframe&quot;,&quot;videoClass&quot;:&quot;mfp-fade&quot;,&quot;videoStyle&quot;:&quot;popup&quot;,&quot;videoTypeName&quot;:&quot;youtube&quot;,&quot;autoplay&quot;:true,&quot;muted&quot;:false,&quot;loop&quot;:false}\">\n\t\t\t\n<a class=\"ekit_icon_button glow-ripple ekit-video-popup ekit-video-popup-btn\" href=\"https:\/\/www.youtube.com\/embed\/qUyWIbpY4yA?feature=oembed?playlist=qUyWIbpY4yA&amp;mute=0&amp;autoplay=1&amp;loop=no&amp;controls=0&amp;start=0&amp;end=\" aria-label=\"video-popup\">\n\t\t\t\t<i aria-hidden=\"true\" class=\"icon icon-play-button\"><\/i>\t\t\n\t\t\t<\/a>\n\t\t\t\t\t\t\t<div class=\"ekit-hidden-icons\" hidden aria-hidden=\"true\">\n\t\t\t\t\t<i class=\"ekit-popup-close-icon icon icon-cancel\"><\/i>\t\t\t\t<\/div>\n\t\t<\/div>\n\t\t<\/div>\t\t\t\t<\/div>\n\t\t\t\t<\/div>\n\t\t\t\t<div class=\"elementor-element elementor-element-212bd8e elementor-widget elementor-widget-spacer\" data-id=\"212bd8e\" data-element_type=\"widget\" data-widget_type=\"spacer.default\">\n\t\t\t\t<div class=\"elementor-widget-container\">\n\t\t\t\t\t\t\t<div class=\"elementor-spacer\">\n\t\t\t<div class=\"elementor-spacer-inner\"><\/div>\n\t\t<\/div>\n\t\t\t\t\t\t<\/div>\n\t\t\t\t<\/div>\n\t\t\t\t<div class=\"elementor-element elementor-element-d38a8f6 elementor-widget elementor-widget-heading\" data-id=\"d38a8f6\" data-element_type=\"widget\" data-widget_type=\"heading.default\">\n\t\t\t\t<div class=\"elementor-widget-container\">\n\t\t\t\t\t<h2 class=\"elementor-heading-title elementor-size-default\"><b>CARIBE LIVE<\/b><\/h2>\t\t\t\t<\/div>\n\t\t\t\t<\/div>\n\t\t\t\t<div class=\"elementor-element elementor-element-79e80d6 elementor-absolute elementor-widget elementor-widget-heading\" data-id=\"79e80d6\" data-element_type=\"widget\" data-settings=\"{&quot;ha_floating_fx&quot;:&quot;yes&quot;,&quot;ha_floating_fx_translate_toggle&quot;:&quot;yes&quot;,&quot;_position&quot;:&quot;absolute&quot;,&quot;ha_floating_fx_translate_x&quot;:{&quot;unit&quot;:&quot;px&quot;,&quot;size&quot;:&quot;&quot;,&quot;sizes&quot;:{&quot;from&quot;:0,&quot;to&quot;:5}},&quot;ha_floating_fx_translate_y&quot;:{&quot;unit&quot;:&quot;px&quot;,&quot;size&quot;:&quot;&quot;,&quot;sizes&quot;:{&quot;from&quot;:0,&quot;to&quot;:5}},&quot;ha_floating_fx_translate_duration&quot;:{&quot;unit&quot;:&quot;px&quot;,&quot;size&quot;:1000,&quot;sizes&quot;:[]},&quot;ha_floating_fx_translate_delay&quot;:{&quot;unit&quot;:&quot;px&quot;,&quot;size&quot;:&quot;&quot;,&quot;sizes&quot;:[]}}\" data-widget_type=\"heading.default\">\n\t\t\t\t<div class=\"elementor-widget-container\">\n\t\t\t\t\t<h2 class=\"elementor-heading-title elementor-size-default\">Jhonatan Montes<\/h2>\t\t\t\t<\/div>\n\t\t\t\t<\/div>\n\t\t\t\t<div class=\"elementor-element elementor-element-c33adc5 elementor-hidden-mobile elementor-widget elementor-widget-text-editor\" data-id=\"c33adc5\" data-element_type=\"widget\" data-widget_type=\"text-editor.default\">\n\t\t\t\t<div class=\"elementor-widget-container\">\n\t\t\t\t\t\t\t\t\t<p><a role=\"link\" href=\"https:\/\/www.youtube.com\/watch?v=qUyWIbpY4yA\" target=\"_blank\" rel=\"noopener\" data-saferedirecturl=\"https:\/\/www.google.com\/url?q=https:\/\/www.facebook.com\/hashtag\/muchachitalike?__eep__%3D6%26__cft__%5B0%5D%3DAZWrYbFmbpYA7T-HsLiIgyQYnBp48FZhjSzTWRzAWUOdOFlNBBRr61y29706pSHcFK3I0edOKS41yiHKqzsV84Soa0oJjDbijM6TowIqD3qLu7zAs39Zu61Z2MtZBVjmkrP1MU0R3lTR894sfMHQcgEMtEdGpNPQRdexjsBVrXEAfg%26__tn__%3D*NK-y-R&amp;source=gmail&amp;ust=1628876921123000&amp;usg=AFQjCNF1GfdDr3fWq8bKFG653YLANWLzKQ\"><em><strong>#caribelive<\/strong><\/em><\/a>, Nuevo Alb\u00fam<\/p>\t\t\t\t\t\t\t\t<\/div>\n\t\t\t\t<\/div>\n\t\t\t\t<div class=\"elementor-element elementor-element-6b9e26b elementor-hidden-desktop elementor-widget elementor-widget-elementskit-video\" data-id=\"6b9e26b\" data-element_type=\"widget\" data-widget_type=\"elementskit-video.default\">\n\t\t\t\t<div class=\"elementor-widget-container\">\n\t\t\t\t\t<div class=\"ekit-wid-con\" >\t\t<div class=\"video-content\" data-video-player=\"[]\" data-video-setting=\"{&quot;videoVolume&quot;:&quot;horizontal&quot;,&quot;startVolume&quot;:0.8,&quot;videoType&quot;:&quot;iframe&quot;,&quot;videoClass&quot;:&quot;mfp-fade&quot;,&quot;videoStyle&quot;:&quot;popup&quot;,&quot;videoTypeName&quot;:&quot;youtube&quot;,&quot;autoplay&quot;:true,&quot;muted&quot;:false,&quot;loop&quot;:false}\">\n\t\t\t\n<a class=\"ekit_icon_button glow-ripple ekit-video-popup ekit-video-popup-btn\" href=\"https:\/\/www.youtube.com\/embed\/qUyWIbpY4yA?feature=oembed?playlist=qUyWIbpY4yA&amp;mute=0&amp;autoplay=1&amp;loop=no&amp;controls=0&amp;start=0&amp;end=\" aria-label=\"video-popup\">\n\t\t\t\t<i aria-hidden=\"true\" class=\"icon icon-play-button\"><\/i>\t\t\n\t\t\t<\/a>\n\t\t\t\t\t\t\t<div class=\"ekit-hidden-icons\" hidden aria-hidden=\"true\">\n\t\t\t\t\t<i class=\"ekit-popup-close-icon icon icon-cancel\"><\/i>\t\t\t\t<\/div>\n\t\t<\/div>\n\t\t<\/div>\t\t\t\t<\/div>\n\t\t\t\t<\/div>\n\t\t\t\t<div class=\"elementor-element elementor-element-697fdaf elementor-hidden-desktop elementor-widget elementor-widget-text-editor\" data-id=\"697fdaf\" data-element_type=\"widget\" data-widget_type=\"text-editor.default\">\n\t\t\t\t<div class=\"elementor-widget-container\">\n\t\t\t\t\t\t\t\t\t<p><a role=\"link\" href=\"https:\/\/www.youtube.com\/watch?v=qUyWIbpY4yA\" target=\"_blank\" rel=\"noopener\" data-saferedirecturl=\"https:\/\/www.google.com\/url?q=https:\/\/www.facebook.com\/hashtag\/muchachitalike?__eep__%3D6%26__cft__%5B0%5D%3DAZWrYbFmbpYA7T-HsLiIgyQYnBp48FZhjSzTWRzAWUOdOFlNBBRr61y29706pSHcFK3I0edOKS41yiHKqzsV84Soa0oJjDbijM6TowIqD3qLu7zAs39Zu61Z2MtZBVjmkrP1MU0R3lTR894sfMHQcgEMtEdGpNPQRdexjsBVrXEAfg%26__tn__%3D*NK-y-R&amp;source=gmail&amp;ust=1628876921123000&amp;usg=AFQjCNF1GfdDr3fWq8bKFG653YLANWLzKQ\"><em><strong>#caribelive<\/strong><\/em><\/a>, Nuevo Alb\u00fam<\/p>\t\t\t\t\t\t\t\t<\/div>\n\t\t\t\t<\/div>\n\t\t\t\t<div class=\"elementor-element elementor-element-bd26c05 elementor-hidden-desktop elementor-widget elementor-widget-spacer\" data-id=\"bd26c05\" data-element_type=\"widget\" data-widget_type=\"spacer.default\">\n\t\t\t\t<div class=\"elementor-widget-container\">\n\t\t\t\t\t\t\t<div class=\"elementor-spacer\">\n\t\t\t<div class=\"elementor-spacer-inner\"><\/div>\n\t\t<\/div>\n\t\t\t\t\t\t<\/div>\n\t\t\t\t<\/div>\n\t\t\t\t\t<\/div>\n\t\t<\/div>\n\t\t\t\t\t<\/div>\n\t\t<\/section>\n\t\t\t\t<section class=\"has_eae_slider elementor-section elementor-top-section elementor-element elementor-element-5d342a2 elementor-section-full_width elementor-section-height-default elementor-section-height-default\" data-eae-slider=\"57861\" data-id=\"5d342a2\" data-element_type=\"section\" data-settings=\"{&quot;background_background&quot;:&quot;classic&quot;,&quot;_ha_eqh_enable&quot;:false}\">\n\t\t\t\t\t\t<div class=\"elementor-container elementor-column-gap-no\">\n\t\t\t\t\t<div class=\"has_eae_slider elementor-column elementor-col-33 elementor-top-column elementor-element elementor-element-7498ba8\" data-eae-slider=\"94314\" data-id=\"7498ba8\" data-element_type=\"column\">\n\t\t\t<div class=\"elementor-widget-wrap elementor-element-populated\">\n\t\t\t\t\t\t<div class=\"elementor-element elementor-element-223b1f7 ha-has-bg-overlay elementor-widget elementor-widget-image\" data-id=\"223b1f7\" data-element_type=\"widget\" data-widget_type=\"image.default\">\n\t\t\t\t<div class=\"elementor-widget-container\">\n\t\t\t\t\t\t\t\t\t\t\t\t\t\t\t\t<a href=\"https:\/\/jhonatanmontes.com\/index.php\/plataformas-musicales-jhonatan-montes\/\">\n\t\t\t\t\t\t\t<img fetchpriority=\"high\" decoding=\"async\" width=\"819\" height=\"1024\" src=\"https:\/\/jhonatanmontes.com\/wp-content\/uploads\/2021\/08\/PicsArt_08-11-08.24.16-819x1024.jpg\" class=\"attachment-large size-large wp-image-895\" alt=\"\" srcset=\"https:\/\/jhonatanmontes.com\/wp-content\/uploads\/2021\/08\/PicsArt_08-11-08.24.16-819x1024.jpg 819w, https:\/\/jhonatanmontes.com\/wp-content\/uploads\/2021\/08\/PicsArt_08-11-08.24.16-240x300.jpg 240w, https:\/\/jhonatanmontes.com\/wp-content\/uploads\/2021\/08\/PicsArt_08-11-08.24.16-768x960.jpg 768w, https:\/\/jhonatanmontes.com\/wp-content\/uploads\/2021\/08\/PicsArt_08-11-08.24.16-1229x1536.jpg 1229w, https:\/\/jhonatanmontes.com\/wp-content\/uploads\/2021\/08\/PicsArt_08-11-08.24.16-1638x2048.jpg 1638w, https:\/\/jhonatanmontes.com\/wp-content\/uploads\/2021\/08\/PicsArt_08-11-08.24.16-scaled.jpg 2048w\" sizes=\"(max-width: 819px) 100vw, 819px\" \/>\t\t\t\t\t\t\t\t<\/a>\n\t\t\t\t\t\t\t\t\t\t\t\t\t\t\t<\/div>\n\t\t\t\t<\/div>\n\t\t\t\t\t<\/div>\n\t\t<\/div>\n\t\t\t\t<div class=\"has_eae_slider elementor-column elementor-col-33 elementor-top-column elementor-element elementor-element-7e8ea4a\" data-eae-slider=\"38522\" data-id=\"7e8ea4a\" data-element_type=\"column\">\n\t\t\t<div class=\"elementor-widget-wrap elementor-element-populated\">\n\t\t\t\t\t\t<div class=\"elementor-element elementor-element-ba794fb elementor-widget elementor-widget-image\" data-id=\"ba794fb\" data-element_type=\"widget\" data-widget_type=\"image.default\">\n\t\t\t\t<div class=\"elementor-widget-container\">\n\t\t\t\t\t\t\t\t\t\t\t\t\t\t\t\t<a href=\"https:\/\/jhonatanmontes.com\/index.php\/blog\/\">\n\t\t\t\t\t\t\t<img decoding=\"async\" width=\"819\" height=\"1024\" src=\"https:\/\/jhonatanmontes.com\/wp-content\/uploads\/2021\/08\/PicsArt_08-11-08.28.13-819x1024.jpg\" class=\"attachment-large size-large wp-image-894\" alt=\"\" srcset=\"https:\/\/jhonatanmontes.com\/wp-content\/uploads\/2021\/08\/PicsArt_08-11-08.28.13-819x1024.jpg 819w, https:\/\/jhonatanmontes.com\/wp-content\/uploads\/2021\/08\/PicsArt_08-11-08.28.13-240x300.jpg 240w, https:\/\/jhonatanmontes.com\/wp-content\/uploads\/2021\/08\/PicsArt_08-11-08.28.13-768x960.jpg 768w, https:\/\/jhonatanmontes.com\/wp-content\/uploads\/2021\/08\/PicsArt_08-11-08.28.13.jpg 1080w\" sizes=\"(max-width: 819px) 100vw, 819px\" \/>\t\t\t\t\t\t\t\t<\/a>\n\t\t\t\t\t\t\t\t\t\t\t\t\t\t\t<\/div>\n\t\t\t\t<\/div>\n\t\t\t\t\t<\/div>\n\t\t<\/div>\n\t\t\t\t<div class=\"has_eae_slider elementor-column elementor-col-33 elementor-top-column elementor-element elementor-element-648aacd\" data-eae-slider=\"48143\" data-id=\"648aacd\" data-element_type=\"column\">\n\t\t\t<div class=\"elementor-widget-wrap elementor-element-populated\">\n\t\t\t\t\t\t<div class=\"elementor-element elementor-element-44cf8f8 elementor-widget elementor-widget-image\" data-id=\"44cf8f8\" data-element_type=\"widget\" data-widget_type=\"image.default\">\n\t\t\t\t<div class=\"elementor-widget-container\">\n\t\t\t\t\t\t\t\t\t\t\t\t\t\t\t\t<a href=\"https:\/\/jhonatanmontes.com\/index.php\/biografia\/\">\n\t\t\t\t\t\t\t<img decoding=\"async\" width=\"819\" height=\"1024\" src=\"https:\/\/jhonatanmontes.com\/wp-content\/uploads\/2021\/08\/PicsArt_08-11-08.30.38-819x1024.jpg\" class=\"attachment-large size-large wp-image-896\" alt=\"\" srcset=\"https:\/\/jhonatanmontes.com\/wp-content\/uploads\/2021\/08\/PicsArt_08-11-08.30.38-819x1024.jpg 819w, https:\/\/jhonatanmontes.com\/wp-content\/uploads\/2021\/08\/PicsArt_08-11-08.30.38-240x300.jpg 240w, https:\/\/jhonatanmontes.com\/wp-content\/uploads\/2021\/08\/PicsArt_08-11-08.30.38-768x960.jpg 768w, https:\/\/jhonatanmontes.com\/wp-content\/uploads\/2021\/08\/PicsArt_08-11-08.30.38.jpg 1080w\" sizes=\"(max-width: 819px) 100vw, 819px\" \/>\t\t\t\t\t\t\t\t<\/a>\n\t\t\t\t\t\t\t\t\t\t\t\t\t\t\t<\/div>\n\t\t\t\t<\/div>\n\t\t\t\t\t<\/div>\n\t\t<\/div>\n\t\t\t\t\t<\/div>\n\t\t<\/section>\n\t\t\t\t<section class=\"has_eae_slider elementor-section elementor-top-section elementor-element elementor-element-740a91d elementor-section-full_width elementor-hidden-desktop elementor-section-stretched elementor-section-height-default elementor-section-height-default\" data-eae-slider=\"42432\" data-id=\"740a91d\" data-element_type=\"section\" data-settings=\"{&quot;background_background&quot;:&quot;video&quot;,&quot;stretch_section&quot;:&quot;section-stretched&quot;,&quot;_ha_eqh_enable&quot;:false}\">\n\t\t\t\t\t\t<div class=\"elementor-container elementor-column-gap-no\">\n\t\t\t\t\t<div class=\"has_eae_slider elementor-column elementor-col-100 elementor-top-column elementor-element elementor-element-65e146e\" data-eae-slider=\"22240\" data-id=\"65e146e\" data-element_type=\"column\">\n\t\t\t<div class=\"elementor-widget-wrap elementor-element-populated\">\n\t\t\t\t\t\t<div class=\"elementor-element elementor-element-6a8d44d elementor-widget elementor-widget-video\" data-id=\"6a8d44d\" data-element_type=\"widget\" data-settings=\"{&quot;video_type&quot;:&quot;hosted&quot;,&quot;autoplay&quot;:&quot;yes&quot;,&quot;mute&quot;:&quot;yes&quot;,&quot;loop&quot;:&quot;yes&quot;,&quot;play_on_mobile&quot;:&quot;yes&quot;}\" data-widget_type=\"video.default\">\n\t\t\t\t<div class=\"elementor-widget-container\">\n\t\t\t\t\t\t\t<div class=\"e-hosted-video elementor-wrapper elementor-open-inline\">\n\t\t\t\t\t<video class=\"elementor-video\" src=\"https:\/\/jhonatanmontes.com\/wp-content\/uploads\/2021\/08\/Logo-Jhonatan-Montes.mp4\" autoplay=\"\" loop=\"\" muted=\"muted\" playsinline=\"\" controlsList=\"nodownload\"><\/video>\n\t\t\t\t<\/div>\n\t\t\t\t\t\t<\/div>\n\t\t\t\t<\/div>\n\t\t\t\t\t<\/div>\n\t\t<\/div>\n\t\t\t\t\t<\/div>\n\t\t<\/section>\n\t\t\t\t<section class=\"has_eae_slider elementor-section elementor-top-section elementor-element elementor-element-69d7ced elementor-section-full_width elementor-hidden-mobile elementor-section-height-default elementor-section-height-default\" data-eae-slider=\"43482\" data-id=\"69d7ced\" data-element_type=\"section\" data-settings=\"{&quot;background_background&quot;:&quot;video&quot;,&quot;_ha_eqh_enable&quot;:false}\">\n\t\t\t\t\t\t<div class=\"elementor-container elementor-column-gap-no\">\n\t\t\t\t\t<div class=\"has_eae_slider elementor-column elementor-col-100 elementor-top-column elementor-element elementor-element-51b0b5b\" data-eae-slider=\"16526\" data-id=\"51b0b5b\" data-element_type=\"column\">\n\t\t\t<div class=\"elementor-widget-wrap elementor-element-populated\">\n\t\t\t\t\t\t<div class=\"elementor-element elementor-element-54f3e4d elementor-widget elementor-widget-video\" data-id=\"54f3e4d\" data-element_type=\"widget\" data-settings=\"{&quot;video_type&quot;:&quot;hosted&quot;,&quot;start&quot;:1,&quot;autoplay&quot;:&quot;yes&quot;,&quot;play_on_mobile&quot;:&quot;yes&quot;,&quot;mute&quot;:&quot;yes&quot;,&quot;loop&quot;:&quot;yes&quot;}\" data-widget_type=\"video.default\">\n\t\t\t\t<div class=\"elementor-widget-container\">\n\t\t\t\t\t\t\t<div class=\"e-hosted-video elementor-wrapper elementor-open-inline\">\n\t\t\t\t\t<video class=\"elementor-video\" src=\"https:\/\/jhonatanmontes.com\/wp-content\/uploads\/2021\/08\/inshot-20210811-212134618_yYF2fmt0-online-video-cutter.com_.mp4#t=1\" autoplay=\"\" loop=\"\" muted=\"muted\" playsinline=\"\" controlsList=\"nodownload\"><\/video>\n\t\t\t\t<\/div>\n\t\t\t\t\t\t<\/div>\n\t\t\t\t<\/div>\n\t\t\t\t\t<\/div>\n\t\t<\/div>\n\t\t\t\t\t<\/div>\n\t\t<\/section>\n\t\t\t\t<section class=\"has_eae_slider elementor-section elementor-top-section elementor-element elementor-element-7ed5d2c elementor-section-full_width elementor-section-height-default elementor-section-height-default\" data-eae-slider=\"45946\" data-id=\"7ed5d2c\" data-element_type=\"section\" data-settings=\"{&quot;_ha_eqh_enable&quot;:false}\">\n\t\t\t\t\t\t<div class=\"elementor-container elementor-column-gap-no\">\n\t\t\t\t\t<div class=\"has_eae_slider elementor-column elementor-col-100 elementor-top-column elementor-element elementor-element-f1fc1fc\" data-eae-slider=\"60327\" data-id=\"f1fc1fc\" data-element_type=\"column\">\n\t\t\t<div class=\"elementor-widget-wrap elementor-element-populated\">\n\t\t\t\t\t\t<div class=\"elementor-element elementor-element-de0f57d elementor-hidden-mobile elementor-widget elementor-widget-heading\" data-id=\"de0f57d\" data-element_type=\"widget\" data-widget_type=\"heading.default\">\n\t\t\t\t<div class=\"elementor-widget-container\">\n\t\t\t\t\t<h2 class=\"elementor-heading-title elementor-size-default\"><a href=\"https:\/\/jhonatanmontes.com\/index.php\/blog-jhonatan-montes\/\">Ver el Blog<\/a><\/h2>\t\t\t\t<\/div>\n\t\t\t\t<\/div>\n\t\t\t\t<div class=\"elementor-element elementor-element-79c616c elementor-hidden-desktop elementor-widget elementor-widget-heading\" data-id=\"79c616c\" data-element_type=\"widget\" data-widget_type=\"heading.default\">\n\t\t\t\t<div class=\"elementor-widget-container\">\n\t\t\t\t\t<h2 class=\"elementor-heading-title elementor-size-default\"><a href=\"https:\/\/jhonatanmontes.com\/index.php\/blog-jhonatan-montes\/\">Blog<\/a><\/h2>\t\t\t\t<\/div>\n\t\t\t\t<\/div>\n\t\t\t\t\t<\/div>\n\t\t<\/div>\n\t\t\t\t\t<\/div>\n\t\t<\/section>\n\t\t\t\t<section class=\"has_eae_slider elementor-section elementor-top-section elementor-element elementor-element-e542a5c elementor-section-full_width elementor-hidden-desktop elementor-section-height-default elementor-section-height-default\" data-eae-slider=\"9267\" data-id=\"e542a5c\" data-element_type=\"section\" data-settings=\"{&quot;_ha_eqh_enable&quot;:false}\">\n\t\t\t\t\t\t<div class=\"elementor-container elementor-column-gap-default\">\n\t\t\t\t\t<div class=\"has_eae_slider elementor-column elementor-col-100 elementor-top-column elementor-element elementor-element-207fe03\" data-eae-slider=\"57462\" data-id=\"207fe03\" data-element_type=\"column\">\n\t\t\t<div class=\"elementor-widget-wrap elementor-element-populated\">\n\t\t\t\t\t\t<div class=\"elementor-element elementor-element-7306b96 elementor-grid-2 elementor-posts--align-center elementor-grid-tablet-2 elementor-grid-mobile-1 elementor-widget elementor-widget-blogmentor_blog_posts\" data-id=\"7306b96\" data-element_type=\"widget\" data-settings=\"{&quot;bm_grid_columns&quot;:&quot;2&quot;,&quot;bm_grid_columns_tablet&quot;:&quot;2&quot;,&quot;bm_grid_columns_mobile&quot;:&quot;1&quot;,&quot;post_card_grid_gap&quot;:{&quot;unit&quot;:&quot;px&quot;,&quot;size&quot;:10,&quot;sizes&quot;:[]},&quot;post_card_row_gap&quot;:{&quot;unit&quot;:&quot;px&quot;,&quot;size&quot;:35,&quot;sizes&quot;:[]}}\" data-widget_type=\"blogmentor_blog_posts.default\">\n\t\t\t\t<div class=\"elementor-widget-container\">\n\t\t\t\t\t\t\t\n\t\t\t\t\t\t\t\t<div class=\"bm-blog-posts-wrapper\" >\n\t\t\t\t\t\t\t<div class=\"bm-blog-posts bm-display-grid elementor-grid elementor-grid-2\" >\n\t\t\t\t<!-- Start Blog Layout 2 -->\n\t<div class=\"grid-item grid-style-2\">\n\t\t<div class=\"grid-item-wrapper bm_content_box\">\n\t\t\t<div class=\"grid-item-container\">\n\t\t\t\t<div class=\"grid-image entry-post-image\">\n\t\t\t\t\t<div class=\"bm-post-image clearfix bm-hover-effect\">\n\t\t\t\t\t\t<img loading=\"lazy\" decoding=\"async\" width=\"480\" height=\"250\" src=\"https:\/\/jhonatanmontes.com\/wp-content\/uploads\/2021\/08\/Screenshot_20210814-185223_Instagram-e1629157848829-480x250.jpg\" class=\"attachment-bm-post-medium size-bm-post-medium wp-post-image\" alt=\"\" \/>\t\t\t\t\t<\/div>\n\t\t\t\t<\/div>\n\t\t\t\t<div class=\"bm-blog-post-content bm_content_box\">\n\t\t\t\t\t<h4 class=\"item-title bm_title\"><a href=\"https:\/\/jhonatanmontes.com\/index.php\/2021\/08\/11\/cuida-tu-familia\/\" rel=\"bookmark\">Cuida tu familia<\/a><\/h4>\t\t\t\t\t<div class=\"item-excerpt bm_content\">\n\t\t\t\t\tCuida tu familia. (G\u00e9nesis 3) La familia fue el plan perfecto de Dios, Ad\u00e1n y Eva pecaron y por<a href=\"https:\/\/jhonatanmontes.com\/index.php\/2021\/08\/11\/cuida-tu-familia\/\" rel=\"bookmark\" class=\"more-info entry-read-more\">Leer m\u00e1s \u00bb<\/a>\t\t\t\t\t<\/div>\n\t\t\t\t\t<div class=\"items-meta bm_meta\">\n\t\t\t\t\t<span class=\"posted-on\"><i class=\"fa fa-clock\" aria-hidden=\"true\"><\/i><a href=\"https:\/\/jhonatanmontes.com\/index.php\/2021\/08\/11\/cuida-tu-familia\/\" rel=\"bookmark\">agosto 11, 2021<\/a><\/span><span class=\"comments-link\"><i class=\"fa fa-comments\" aria-hidden=\"true\"><\/i>0<\/span>\t\t\t\t\t<\/div>\n\t\t\t\t<\/div>\n\t\t\t<\/div>\n\t\t<\/div>\n\t<\/div>\n\t\t\n<!-- End Blog Layout 2 -->\n\t\t\t\t<\/div><\/div>\n\t\t\t\t\t\t\t<div class=\"bm-pagination pagination_style_2\">\n\t\t\t\t\t\t\t<\/div>\n\t\t\t\t\t\t<\/div>\n\t\t\t\t<\/div>\n\t\t\t\t\t<\/div>\n\t\t<\/div>\n\t\t\t\t\t<\/div>\n\t\t<\/section>\n\t\t\t\t<\/div>\n\t\t","protected":false},"excerpt":{"rendered":"<p>CARIBE LIVE Jhonatan Montes #caribelive, Nuevo Alb\u00fam #caribelive, Nuevo Alb\u00fam https:\/\/jhonatanmontes.com\/wp-content\/uploads\/2021\/08\/Logo-Jhonatan-Montes.mp4https:\/\/jhonatanmontes.com\/wp-content\/uploads\/2021\/08\/inshot-20210811-212134618_yYF2fmt0-online-video-cutter.com_.mp4#t=1 Ver el Blog Blog Cuida tu familia Cuida tu familia. (G\u00e9nesis 3) La familia fue el plan perfecto de Dios, Ad\u00e1n y Eva pecaron y porLeer m\u00e1s \u00bb agosto 11, 20210<\/p>\n","protected":false},"author":1,"featured_media":0,"parent":0,"menu_order":0,"comment_status":"closed","ping_status":"closed","template":"","meta":{"site-sidebar-layout":"no-sidebar","site-content-layout":"page-builder","ast-site-content-layout":"","site-content-style":"default","site-sidebar-style":"default","ast-global-header-display":"","ast-banner-title-visibility":"","ast-main-header-display":"","ast-hfb-above-header-display":"","ast-hfb-below-header-display":"","ast-hfb-mobile-header-display":"","site-post-title":"disabled","ast-breadcrumbs-content":"","ast-featured-img":"disabled","footer-sml-layout":"","theme-transparent-header-meta":"enabled","adv-header-id-meta":"","stick-header-meta":"","header-above-stick-meta":"","header-main-stick-meta":"","header-below-stick-meta":"","astra-migrate-meta-layouts":"default","ast-page-background-enabled":"default","ast-page-background-meta":{"desktop":{"background-color":"","background-image":"","background-repeat":"repeat","background-position":"center center","background-size":"auto","background-attachment":"scroll","background-type":"","background-media":"","overlay-type":"","overlay-color":"","overlay-opacity":"","overlay-gradient":""},"tablet":{"background-color":"","background-image":"","background-repeat":"repeat","background-position":"center center","background-size":"auto","background-attachment":"scroll","background-type":"","background-media":"","overlay-type":"","overlay-color":"","overlay-opacity":"","overlay-gradient":""},"mobile":{"background-color":"","background-image":"","background-repeat":"repeat","background-position":"center center","background-size":"auto","background-attachment":"scroll","background-type":"","background-media":"","overlay-type":"","overlay-color":"","overlay-opacity":"","overlay-gradient":""}},"ast-content-background-meta":{"desktop":{"background-color":"var(--ast-global-color-5)","background-image":"","background-repeat":"repeat","background-position":"center center","background-size":"auto","background-attachment":"scroll","background-type":"","background-media":"","overlay-type":"","overlay-color":"","overlay-opacity":"","overlay-gradient":""},"tablet":{"background-color":"var(--ast-global-color-5)","background-image":"","background-repeat":"repeat","background-position":"center center","background-size":"auto","background-attachment":"scroll","background-type":"","background-media":"","overlay-type":"","overlay-color":"","overlay-opacity":"","overlay-gradient":""},"mobile":{"background-color":"var(--ast-global-color-5)","background-image":"","background-repeat":"repeat","background-position":"center center","background-size":"auto","background-attachment":"scroll","background-type":"","background-media":"","overlay-type":"","overlay-color":"","overlay-opacity":"","overlay-gradient":""}},"footnotes":""},"_links":{"self":[{"href":"https:\/\/jhonatanmontes.com\/index.php\/wp-json\/wp\/v2\/pages\/552"}],"collection":[{"href":"https:\/\/jhonatanmontes.com\/index.php\/wp-json\/wp\/v2\/pages"}],"about":[{"href":"https:\/\/jhonatanmontes.com\/index.php\/wp-json\/wp\/v2\/types\/page"}],"author":[{"embeddable":true,"href":"https:\/\/jhonatanmontes.com\/index.php\/wp-json\/wp\/v2\/users\/1"}],"replies":[{"embeddable":true,"href":"https:\/\/jhonatanmontes.com\/index.php\/wp-json\/wp\/v2\/comments?post=552"}],"version-history":[{"count":526,"href":"https:\/\/jhonatanmontes.com\/index.php\/wp-json\/wp\/v2\/pages\/552\/revisions"}],"predecessor-version":[{"id":2792,"href":"https:\/\/jhonatanmontes.com\/index.php\/wp-json\/wp\/v2\/pages\/552\/revisions\/2792"}],"wp:attachment":[{"href":"https:\/\/jhonatanmontes.com\/index.php\/wp-json\/wp\/v2\/media?parent=552"}],"curies":[{"name":"wp","href":"https:\/\/api.w.org\/{rel}","templated":true}]}}