{"id":309,"date":"2020-09-17T06:52:37","date_gmt":"2020-09-17T06:52:37","guid":{"rendered":"http:\/\/jhonatanmontes.com\/index.php\/studio\/"},"modified":"2021-08-16T23:45:33","modified_gmt":"2021-08-16T23:45:33","slug":"plataformas-musicales-jhonatan-montes","status":"publish","type":"page","link":"https:\/\/jhonatanmontes.com\/index.php\/plataformas-musicales-jhonatan-montes\/","title":{"rendered":"Plataformas Musicales"},"content":{"rendered":"\t\t<div data-elementor-type=\"wp-page\" data-elementor-id=\"309\" class=\"elementor elementor-309\" data-elementor-settings=\"{&quot;ha_cmc_init_switcher&quot;:&quot;no&quot;}\">\n\t\t\t\t\t\t<section class=\"has_eae_slider elementor-section elementor-top-section elementor-element elementor-element-39b8ea9 elementor-section-full_width elementor-section-height-default elementor-section-height-default\" data-eae-slider=\"55394\" data-id=\"39b8ea9\" data-element_type=\"section\" data-settings=\"{&quot;background_background&quot;:&quot;classic&quot;,&quot;_ha_eqh_enable&quot;:false}\">\n\t\t\t\t\t\t<div class=\"elementor-container elementor-column-gap-no\">\n\t\t\t\t\t<div class=\"has_eae_slider elementor-column elementor-col-50 elementor-top-column elementor-element elementor-element-456c7d4\" data-eae-slider=\"63107\" data-id=\"456c7d4\" data-element_type=\"column\">\n\t\t\t<div class=\"elementor-widget-wrap elementor-element-populated\">\n\t\t\t\t\t\t<div class=\"elementor-element elementor-element-66d6073 elementor-widget elementor-widget-video\" data-id=\"66d6073\" data-element_type=\"widget\" data-settings=\"{&quot;youtube_url&quot;:&quot;https:\\\/\\\/www.youtube.com\\\/watch?v=a3CqSwvvaIo&quot;,&quot;autoplay&quot;:&quot;yes&quot;,&quot;play_on_mobile&quot;:&quot;yes&quot;,&quot;loop&quot;:&quot;yes&quot;,&quot;video_type&quot;:&quot;youtube&quot;,&quot;controls&quot;:&quot;yes&quot;}\" data-widget_type=\"video.default\">\n\t\t\t\t<div class=\"elementor-widget-container\">\n\t\t\t\t\t\t\t<div class=\"elementor-wrapper elementor-open-inline\">\n\t\t\t<div class=\"elementor-video\"><\/div>\t\t<\/div>\n\t\t\t\t\t\t<\/div>\n\t\t\t\t<\/div>\n\t\t\t\t\t<\/div>\n\t\t<\/div>\n\t\t\t\t<div class=\"has_eae_slider elementor-column elementor-col-50 elementor-top-column elementor-element elementor-element-bccf9f8 elementor-hidden-mobile\" data-eae-slider=\"35211\" data-id=\"bccf9f8\" data-element_type=\"column\" data-settings=\"{&quot;background_background&quot;:&quot;classic&quot;}\">\n\t\t\t<div class=\"elementor-widget-wrap elementor-element-populated\">\n\t\t\t\t\t\t<div class=\"elementor-element elementor-element-8c419c9 elementor-widget elementor-widget-spacer\" data-id=\"8c419c9\" data-element_type=\"widget\" data-widget_type=\"spacer.default\">\n\t\t\t\t<div class=\"elementor-widget-container\">\n\t\t\t\t\t\t\t<div class=\"elementor-spacer\">\n\t\t\t<div class=\"elementor-spacer-inner\"><\/div>\n\t\t<\/div>\n\t\t\t\t\t\t<\/div>\n\t\t\t\t<\/div>\n\t\t\t\t<div class=\"elementor-element elementor-element-30294de elementor-align-center elementor-widget elementor-widget-button\" data-id=\"30294de\" data-element_type=\"widget\" data-widget_type=\"button.default\">\n\t\t\t\t<div class=\"elementor-widget-container\">\n\t\t\t\t\t\t\t\t\t<div class=\"elementor-button-wrapper\">\n\t\t\t\t\t<a class=\"elementor-button elementor-button-link elementor-size-sm elementor-animation-shrink\" href=\"https:\/\/www.deezer.com\/us\/artist\/11335466\">\n\t\t\t\t\t\t<span class=\"elementor-button-content-wrapper\">\n\t\t\t\t\t\t<span class=\"elementor-button-icon\">\n\t\t\t\t<i aria-hidden=\"true\" class=\"fab fa-deezer\"><\/i>\t\t\t<\/span>\n\t\t\t\t\t\t\t\t\t<span class=\"elementor-button-text\">Esc\u00fachame en Deezer<\/span>\n\t\t\t\t\t<\/span>\n\t\t\t\t\t<\/a>\n\t\t\t\t<\/div>\n\t\t\t\t\t\t\t\t<\/div>\n\t\t\t\t<\/div>\n\t\t\t\t<div class=\"elementor-element elementor-element-9d64f08 elementor-align-center elementor-widget elementor-widget-button\" data-id=\"9d64f08\" data-element_type=\"widget\" data-widget_type=\"button.default\">\n\t\t\t\t<div class=\"elementor-widget-container\">\n\t\t\t\t\t\t\t\t\t<div class=\"elementor-button-wrapper\">\n\t\t\t\t\t<a class=\"elementor-button elementor-button-link elementor-size-sm elementor-animation-shrink\" href=\"https:\/\/open.spotify.com\/artist\/7uJnFm4fs5wRS1WCQlK5ML\">\n\t\t\t\t\t\t<span class=\"elementor-button-content-wrapper\">\n\t\t\t\t\t\t<span class=\"elementor-button-icon\">\n\t\t\t\t<i aria-hidden=\"true\" class=\"icon icon-spotify\"><\/i>\t\t\t<\/span>\n\t\t\t\t\t\t\t\t\t<span class=\"elementor-button-text\">Esc\u00fachame en Spotify<\/span>\n\t\t\t\t\t<\/span>\n\t\t\t\t\t<\/a>\n\t\t\t\t<\/div>\n\t\t\t\t\t\t\t\t<\/div>\n\t\t\t\t<\/div>\n\t\t\t\t<div class=\"elementor-element elementor-element-49841a5 elementor-align-center elementor-widget elementor-widget-button\" data-id=\"49841a5\" data-element_type=\"widget\" data-widget_type=\"button.default\">\n\t\t\t\t<div class=\"elementor-widget-container\">\n\t\t\t\t\t\t\t\t\t<div class=\"elementor-button-wrapper\">\n\t\t\t\t\t<a class=\"elementor-button elementor-button-link elementor-size-sm elementor-animation-shrink\" href=\"https:\/\/music.apple.com\/artist\/jhonatan-montes\/1173388571?l=en\">\n\t\t\t\t\t\t<span class=\"elementor-button-content-wrapper\">\n\t\t\t\t\t\t<span class=\"elementor-button-icon\">\n\t\t\t\t<i aria-hidden=\"true\" class=\"fab fa-apple\"><\/i>\t\t\t<\/span>\n\t\t\t\t\t\t\t\t\t<span class=\"elementor-button-text\">Escucha en Apple Music<\/span>\n\t\t\t\t\t<\/span>\n\t\t\t\t\t<\/a>\n\t\t\t\t<\/div>\n\t\t\t\t\t\t\t\t<\/div>\n\t\t\t\t<\/div>\n\t\t\t\t<div class=\"elementor-element elementor-element-dcfb7bb elementor-align-center elementor-widget elementor-widget-button\" data-id=\"dcfb7bb\" data-element_type=\"widget\" data-widget_type=\"button.default\">\n\t\t\t\t<div class=\"elementor-widget-container\">\n\t\t\t\t\t\t\t\t\t<div class=\"elementor-button-wrapper\">\n\t\t\t\t\t<a class=\"elementor-button elementor-button-link elementor-size-sm elementor-animation-shrink\" href=\"https:\/\/co.napster.com\/artist\/jhonatan-montes\">\n\t\t\t\t\t\t<span class=\"elementor-button-content-wrapper\">\n\t\t\t\t\t\t<span class=\"elementor-button-icon\">\n\t\t\t\t<i aria-hidden=\"true\" class=\"fab fa-napster\"><\/i>\t\t\t<\/span>\n\t\t\t\t\t\t\t\t\t<span class=\"elementor-button-text\">Esc\u00fachame en Napster<\/span>\n\t\t\t\t\t<\/span>\n\t\t\t\t\t<\/a>\n\t\t\t\t<\/div>\n\t\t\t\t\t\t\t\t<\/div>\n\t\t\t\t<\/div>\n\t\t\t\t<div class=\"elementor-element elementor-element-c01846a elementor-align-center elementor-widget elementor-widget-button\" data-id=\"c01846a\" data-element_type=\"widget\" data-widget_type=\"button.default\">\n\t\t\t\t<div class=\"elementor-widget-container\">\n\t\t\t\t\t\t\t\t\t<div class=\"elementor-button-wrapper\">\n\t\t\t\t\t<a class=\"elementor-button elementor-button-link elementor-size-sm elementor-animation-shrink\" href=\"https:\/\/music.amazon.com\/artists\/B01MTJU1CE\/jhonatan-montes\">\n\t\t\t\t\t\t<span class=\"elementor-button-content-wrapper\">\n\t\t\t\t\t\t<span class=\"elementor-button-icon\">\n\t\t\t\t<i aria-hidden=\"true\" class=\"fab fa-amazon\"><\/i>\t\t\t<\/span>\n\t\t\t\t\t\t\t\t\t<span class=\"elementor-button-text\">Esc\u00fachame en Amazon<\/span>\n\t\t\t\t\t<\/span>\n\t\t\t\t\t<\/a>\n\t\t\t\t<\/div>\n\t\t\t\t\t\t\t\t<\/div>\n\t\t\t\t<\/div>\n\t\t\t\t<div class=\"elementor-element elementor-element-7d68033 elementor-align-center elementor-widget elementor-widget-button\" data-id=\"7d68033\" data-element_type=\"widget\" data-widget_type=\"button.default\">\n\t\t\t\t<div class=\"elementor-widget-container\">\n\t\t\t\t\t\t\t\t\t<div class=\"elementor-button-wrapper\">\n\t\t\t\t\t<a class=\"elementor-button elementor-button-link elementor-size-sm elementor-animation-shrink\" href=\"https:\/\/music.youtube.com\/channel\/UCKlXgMbuK0DHu4SaMKUfN6w\">\n\t\t\t\t\t\t<span class=\"elementor-button-content-wrapper\">\n\t\t\t\t\t\t<span class=\"elementor-button-icon\">\n\t\t\t\t<i aria-hidden=\"true\" class=\"fab fa-youtube\"><\/i>\t\t\t<\/span>\n\t\t\t\t\t\t\t\t\t<span class=\"elementor-button-text\">Esc\u00fachame en Youtube  <\/span>\n\t\t\t\t\t<\/span>\n\t\t\t\t\t<\/a>\n\t\t\t\t<\/div>\n\t\t\t\t\t\t\t\t<\/div>\n\t\t\t\t<\/div>\n\t\t\t\t<div class=\"elementor-element elementor-element-b7def46 elementor-align-center elementor-widget elementor-widget-button\" data-id=\"b7def46\" data-element_type=\"widget\" data-widget_type=\"button.default\">\n\t\t\t\t<div class=\"elementor-widget-container\">\n\t\t\t\t\t\t\t\t\t<div class=\"elementor-button-wrapper\">\n\t\t\t\t\t<a class=\"elementor-button elementor-button-link elementor-size-sm elementor-animation-shrink\" href=\"https:\/\/tidal.com\/browse\/artist\/8259530\">\n\t\t\t\t\t\t<span class=\"elementor-button-content-wrapper\">\n\t\t\t\t\t\t<span class=\"elementor-button-icon\">\n\t\t\t\t<i aria-hidden=\"true\" class=\"fas fa-music\"><\/i>\t\t\t<\/span>\n\t\t\t\t\t\t\t\t\t<span class=\"elementor-button-text\">Esc\u00fachame en Tidal  <\/span>\n\t\t\t\t\t<\/span>\n\t\t\t\t\t<\/a>\n\t\t\t\t<\/div>\n\t\t\t\t\t\t\t\t<\/div>\n\t\t\t\t<\/div>\n\t\t\t\t<div class=\"elementor-element elementor-element-dcbb3ce elementor-widget elementor-widget-spacer\" data-id=\"dcbb3ce\" data-element_type=\"widget\" data-widget_type=\"spacer.default\">\n\t\t\t\t<div class=\"elementor-widget-container\">\n\t\t\t\t\t\t\t<div class=\"elementor-spacer\">\n\t\t\t<div class=\"elementor-spacer-inner\"><\/div>\n\t\t<\/div>\n\t\t\t\t\t\t<\/div>\n\t\t\t\t<\/div>\n\t\t\t\t\t<\/div>\n\t\t<\/div>\n\t\t\t\t\t<\/div>\n\t\t<\/section>\n\t\t\t\t<section class=\"has_eae_slider elementor-section elementor-top-section elementor-element elementor-element-7f0d4979 elementor-section-content-middle elementor-hidden-desktop elementor-section-boxed elementor-section-height-default elementor-section-height-default\" data-eae-slider=\"82234\" data-id=\"7f0d4979\" data-element_type=\"section\" data-settings=\"{&quot;background_background&quot;:&quot;classic&quot;,&quot;_ha_eqh_enable&quot;:false}\">\n\t\t\t\t\t\t<div class=\"elementor-container elementor-column-gap-no\">\n\t\t\t\t\t<div class=\"has_eae_slider elementor-column elementor-col-100 elementor-top-column elementor-element elementor-element-35e6524c\" data-eae-slider=\"43017\" data-id=\"35e6524c\" data-element_type=\"column\">\n\t\t\t<div class=\"elementor-widget-wrap elementor-element-populated\">\n\t\t\t\t\t\t<div class=\"elementor-element elementor-element-6de48ca0 elementor-widget elementor-widget-heading\" data-id=\"6de48ca0\" data-element_type=\"widget\" data-widget_type=\"heading.default\">\n\t\t\t\t<div class=\"elementor-widget-container\">\n\t\t\t\t\t<h5 class=\"elementor-heading-title elementor-size-default\"><b><i>Esc\u00fachame<\/i><\/b> en tu plataforma digital favorita.<\/h5>\t\t\t\t<\/div>\n\t\t\t\t<\/div>\n\t\t\t\t<section class=\"has_eae_slider elementor-section elementor-inner-section elementor-element elementor-element-7e172c46 elementor-section-content-middle elementor-section-full_width elementor-section-height-default elementor-section-height-default\" data-eae-slider=\"11710\" data-id=\"7e172c46\" data-element_type=\"section\" data-settings=\"{&quot;background_background&quot;:&quot;classic&quot;,&quot;_ha_eqh_enable&quot;:false}\">\n\t\t\t\t\t\t<div class=\"elementor-container elementor-column-gap-no\">\n\t\t\t\t\t<div class=\"has_eae_slider elementor-column elementor-col-25 elementor-inner-column elementor-element elementor-element-7042a554\" data-eae-slider=\"80347\" data-id=\"7042a554\" data-element_type=\"column\">\n\t\t\t<div class=\"elementor-widget-wrap elementor-element-populated\">\n\t\t\t\t\t\t<div class=\"elementor-element elementor-element-fbd5209 elementor-widget elementor-widget-image\" data-id=\"fbd5209\" data-element_type=\"widget\" data-widget_type=\"image.default\">\n\t\t\t\t<div class=\"elementor-widget-container\">\n\t\t\t\t\t\t\t\t\t\t\t\t\t\t\t\t<a href=\"https:\/\/open.spotify.com\/artist\/7uJnFm4fs5wRS1WCQlK5ML\">\n\t\t\t\t\t\t\t<img fetchpriority=\"high\" decoding=\"async\" width=\"1024\" height=\"314\" src=\"https:\/\/jhonatanmontes.com\/wp-content\/uploads\/2021\/08\/Logo-spotify-png-blanco--e1628738069432-1024x314.png\" class=\"attachment-large size-large wp-image-928\" alt=\"\" srcset=\"https:\/\/jhonatanmontes.com\/wp-content\/uploads\/2021\/08\/Logo-spotify-png-blanco--e1628738069432-1024x314.png 1024w, https:\/\/jhonatanmontes.com\/wp-content\/uploads\/2021\/08\/Logo-spotify-png-blanco--e1628738069432-300x92.png 300w, https:\/\/jhonatanmontes.com\/wp-content\/uploads\/2021\/08\/Logo-spotify-png-blanco--e1628738069432-768x235.png 768w, https:\/\/jhonatanmontes.com\/wp-content\/uploads\/2021\/08\/Logo-spotify-png-blanco--e1628738069432.png 1432w\" sizes=\"(max-width: 1024px) 100vw, 1024px\" \/>\t\t\t\t\t\t\t\t<\/a>\n\t\t\t\t\t\t\t\t\t\t\t\t\t\t\t<\/div>\n\t\t\t\t<\/div>\n\t\t\t\t\t<\/div>\n\t\t<\/div>\n\t\t\t\t<div class=\"has_eae_slider elementor-column elementor-col-25 elementor-inner-column elementor-element elementor-element-24991cf0\" data-eae-slider=\"77037\" data-id=\"24991cf0\" data-element_type=\"column\">\n\t\t\t<div class=\"elementor-widget-wrap elementor-element-populated\">\n\t\t\t\t\t\t<div class=\"elementor-element elementor-element-4edee5dc elementor-widget elementor-widget-image\" data-id=\"4edee5dc\" data-element_type=\"widget\" data-widget_type=\"image.default\">\n\t\t\t\t<div class=\"elementor-widget-container\">\n\t\t\t\t\t\t\t\t\t\t\t\t\t\t\t\t<a href=\"https:\/\/www.deezer.com\/us\/artist\/11335466\">\n\t\t\t\t\t\t\t<img decoding=\"async\" width=\"1024\" height=\"228\" src=\"https:\/\/jhonatanmontes.com\/wp-content\/uploads\/2021\/08\/deezer-png-logo-blanco.-e1628738140375-1024x228.png\" class=\"attachment-large size-large wp-image-934\" alt=\"\" srcset=\"https:\/\/jhonatanmontes.com\/wp-content\/uploads\/2021\/08\/deezer-png-logo-blanco.-e1628738140375-1024x228.png 1024w, https:\/\/jhonatanmontes.com\/wp-content\/uploads\/2021\/08\/deezer-png-logo-blanco.-e1628738140375-300x67.png 300w, https:\/\/jhonatanmontes.com\/wp-content\/uploads\/2021\/08\/deezer-png-logo-blanco.-e1628738140375-768x171.png 768w, https:\/\/jhonatanmontes.com\/wp-content\/uploads\/2021\/08\/deezer-png-logo-blanco.-e1628738140375-1536x343.png 1536w, https:\/\/jhonatanmontes.com\/wp-content\/uploads\/2021\/08\/deezer-png-logo-blanco.-e1628738140375.png 1995w\" sizes=\"(max-width: 1024px) 100vw, 1024px\" \/>\t\t\t\t\t\t\t\t<\/a>\n\t\t\t\t\t\t\t\t\t\t\t\t\t\t\t<\/div>\n\t\t\t\t<\/div>\n\t\t\t\t\t<\/div>\n\t\t<\/div>\n\t\t\t\t<div class=\"has_eae_slider elementor-column elementor-col-25 elementor-inner-column elementor-element elementor-element-1b456218\" data-eae-slider=\"43759\" data-id=\"1b456218\" data-element_type=\"column\">\n\t\t\t<div class=\"elementor-widget-wrap elementor-element-populated\">\n\t\t\t\t\t\t<div class=\"elementor-element elementor-element-681334cc elementor-widget elementor-widget-image\" data-id=\"681334cc\" data-element_type=\"widget\" data-widget_type=\"image.default\">\n\t\t\t\t<div class=\"elementor-widget-container\">\n\t\t\t\t\t\t\t\t\t\t\t\t\t\t\t\t<a href=\"https:\/\/music.youtube.com\/channel\/UCKlXgMbuK0DHu4SaMKUfN6w\">\n\t\t\t\t\t\t\t<img decoding=\"async\" width=\"1024\" height=\"150\" src=\"https:\/\/jhonatanmontes.com\/wp-content\/uploads\/2021\/08\/unnamed-e1628738085239-1024x150.png\" class=\"attachment-large size-large wp-image-931\" alt=\"\" srcset=\"https:\/\/jhonatanmontes.com\/wp-content\/uploads\/2021\/08\/unnamed-e1628738085239-1024x150.png 1024w, https:\/\/jhonatanmontes.com\/wp-content\/uploads\/2021\/08\/unnamed-e1628738085239-300x44.png 300w, https:\/\/jhonatanmontes.com\/wp-content\/uploads\/2021\/08\/unnamed-e1628738085239-768x113.png 768w, https:\/\/jhonatanmontes.com\/wp-content\/uploads\/2021\/08\/unnamed-e1628738085239.png 1200w\" sizes=\"(max-width: 1024px) 100vw, 1024px\" \/>\t\t\t\t\t\t\t\t<\/a>\n\t\t\t\t\t\t\t\t\t\t\t\t\t\t\t<\/div>\n\t\t\t\t<\/div>\n\t\t\t\t\t<\/div>\n\t\t<\/div>\n\t\t\t\t<div class=\"has_eae_slider elementor-column elementor-col-25 elementor-inner-column elementor-element elementor-element-3f3d574d\" data-eae-slider=\"89183\" data-id=\"3f3d574d\" data-element_type=\"column\">\n\t\t\t<div class=\"elementor-widget-wrap elementor-element-populated\">\n\t\t\t\t\t\t<div class=\"elementor-element elementor-element-717ed27a elementor-widget elementor-widget-image\" data-id=\"717ed27a\" data-element_type=\"widget\" data-widget_type=\"image.default\">\n\t\t\t\t<div class=\"elementor-widget-container\">\n\t\t\t\t\t\t\t\t\t\t\t\t\t\t\t\t<a href=\"https:\/\/www.claromusica.com\/artist\/1526938\/CO\">\n\t\t\t\t\t\t\t<img loading=\"lazy\" decoding=\"async\" width=\"828\" height=\"230\" src=\"https:\/\/jhonatanmontes.com\/wp-content\/uploads\/2021\/08\/laro-mu\u0301sica-logo-png-blanco-e1628738106282.png\" class=\"attachment-large size-large wp-image-927\" alt=\"\" srcset=\"https:\/\/jhonatanmontes.com\/wp-content\/uploads\/2021\/08\/laro-mu\u0301sica-logo-png-blanco-e1628738106282.png 828w, https:\/\/jhonatanmontes.com\/wp-content\/uploads\/2021\/08\/laro-mu\u0301sica-logo-png-blanco-e1628738106282-300x83.png 300w, https:\/\/jhonatanmontes.com\/wp-content\/uploads\/2021\/08\/laro-mu\u0301sica-logo-png-blanco-e1628738106282-768x213.png 768w\" sizes=\"(max-width: 828px) 100vw, 828px\" \/>\t\t\t\t\t\t\t\t<\/a>\n\t\t\t\t\t\t\t\t\t\t\t\t\t\t\t<\/div>\n\t\t\t\t<\/div>\n\t\t\t\t\t<\/div>\n\t\t<\/div>\n\t\t\t\t\t<\/div>\n\t\t<\/section>\n\t\t\t\t<section class=\"has_eae_slider elementor-section elementor-inner-section elementor-element elementor-element-36192d52 elementor-section-content-middle elementor-section-full_width elementor-section-height-default elementor-section-height-default\" data-eae-slider=\"7782\" data-id=\"36192d52\" data-element_type=\"section\" data-settings=\"{&quot;background_background&quot;:&quot;classic&quot;,&quot;_ha_eqh_enable&quot;:false}\">\n\t\t\t\t\t\t<div class=\"elementor-container elementor-column-gap-no\">\n\t\t\t\t\t<div class=\"has_eae_slider elementor-column elementor-col-25 elementor-inner-column elementor-element elementor-element-1891ddc2\" data-eae-slider=\"8275\" data-id=\"1891ddc2\" data-element_type=\"column\">\n\t\t\t<div class=\"elementor-widget-wrap elementor-element-populated\">\n\t\t\t\t\t\t<div class=\"elementor-element elementor-element-145c0d4 elementor-widget elementor-widget-image\" data-id=\"145c0d4\" data-element_type=\"widget\" data-widget_type=\"image.default\">\n\t\t\t\t<div class=\"elementor-widget-container\">\n\t\t\t\t\t\t\t\t\t\t\t\t\t\t\t\t<a href=\"https:\/\/music.amazon.com\/artists\/B01MTJU1CE\/jhonatan-montes\">\n\t\t\t\t\t\t\t<img loading=\"lazy\" decoding=\"async\" width=\"1024\" height=\"304\" src=\"https:\/\/jhonatanmontes.com\/wp-content\/uploads\/2021\/08\/Amazon-music-png-blanco-e1628737552986-1024x304.png\" class=\"attachment-large size-large wp-image-925\" alt=\"\" srcset=\"https:\/\/jhonatanmontes.com\/wp-content\/uploads\/2021\/08\/Amazon-music-png-blanco-e1628737552986-1024x304.png 1024w, https:\/\/jhonatanmontes.com\/wp-content\/uploads\/2021\/08\/Amazon-music-png-blanco-e1628737552986-768x228.png 768w, https:\/\/jhonatanmontes.com\/wp-content\/uploads\/2021\/08\/Amazon-music-png-blanco-e1628737552986-1536x457.png 1536w\" sizes=\"(max-width: 1024px) 100vw, 1024px\" \/>\t\t\t\t\t\t\t\t<\/a>\n\t\t\t\t\t\t\t\t\t\t\t\t\t\t\t<\/div>\n\t\t\t\t<\/div>\n\t\t\t\t\t<\/div>\n\t\t<\/div>\n\t\t\t\t<div class=\"has_eae_slider elementor-column elementor-col-25 elementor-inner-column elementor-element elementor-element-3096b542\" data-eae-slider=\"6039\" data-id=\"3096b542\" data-element_type=\"column\">\n\t\t\t<div class=\"elementor-widget-wrap elementor-element-populated\">\n\t\t\t\t\t\t<div class=\"elementor-element elementor-element-5a3de7fb elementor-widget elementor-widget-image\" data-id=\"5a3de7fb\" data-element_type=\"widget\" data-widget_type=\"image.default\">\n\t\t\t\t<div class=\"elementor-widget-container\">\n\t\t\t\t\t\t\t\t\t\t\t\t\t\t\t\t<a href=\"https:\/\/music.apple.com\/artist\/jhonatan-montes\/1173388571?l=en\">\n\t\t\t\t\t\t\t<img loading=\"lazy\" decoding=\"async\" width=\"320\" height=\"123\" src=\"https:\/\/jhonatanmontes.com\/wp-content\/uploads\/2021\/08\/appe-music-logo-blanco-png-e1628737536605.png\" class=\"attachment-large size-large wp-image-926\" alt=\"\" srcset=\"https:\/\/jhonatanmontes.com\/wp-content\/uploads\/2021\/08\/appe-music-logo-blanco-png-e1628737536605.png 320w, https:\/\/jhonatanmontes.com\/wp-content\/uploads\/2021\/08\/appe-music-logo-blanco-png-e1628737536605-300x115.png 300w\" sizes=\"(max-width: 320px) 100vw, 320px\" \/>\t\t\t\t\t\t\t\t<\/a>\n\t\t\t\t\t\t\t\t\t\t\t\t\t\t\t<\/div>\n\t\t\t\t<\/div>\n\t\t\t\t\t<\/div>\n\t\t<\/div>\n\t\t\t\t<div class=\"has_eae_slider elementor-column elementor-col-25 elementor-inner-column elementor-element elementor-element-566a6a9b\" data-eae-slider=\"81264\" data-id=\"566a6a9b\" data-element_type=\"column\">\n\t\t\t<div class=\"elementor-widget-wrap elementor-element-populated\">\n\t\t\t\t\t\t<div class=\"elementor-element elementor-element-5d9d2f50 elementor-widget elementor-widget-image\" data-id=\"5d9d2f50\" data-element_type=\"widget\" data-widget_type=\"image.default\">\n\t\t\t\t<div class=\"elementor-widget-container\">\n\t\t\t\t\t\t\t\t\t\t\t\t\t\t\t\t<a href=\"https:\/\/listen.tidal.com\/artist\/8259530\">\n\t\t\t\t\t\t\t<img loading=\"lazy\" decoding=\"async\" width=\"395\" height=\"140\" src=\"https:\/\/jhonatanmontes.com\/wp-content\/uploads\/2021\/08\/9e667953e543ce967f2be9596c186df6-e1628737856573.png\" class=\"attachment-large size-large wp-image-935\" alt=\"\" srcset=\"https:\/\/jhonatanmontes.com\/wp-content\/uploads\/2021\/08\/9e667953e543ce967f2be9596c186df6-e1628737856573.png 395w, https:\/\/jhonatanmontes.com\/wp-content\/uploads\/2021\/08\/9e667953e543ce967f2be9596c186df6-e1628737856573-300x106.png 300w\" sizes=\"(max-width: 395px) 100vw, 395px\" \/>\t\t\t\t\t\t\t\t<\/a>\n\t\t\t\t\t\t\t\t\t\t\t\t\t\t\t<\/div>\n\t\t\t\t<\/div>\n\t\t\t\t\t<\/div>\n\t\t<\/div>\n\t\t\t\t<div class=\"has_eae_slider elementor-column elementor-col-25 elementor-inner-column elementor-element elementor-element-6c80fc51\" data-eae-slider=\"66689\" data-id=\"6c80fc51\" data-element_type=\"column\">\n\t\t\t<div class=\"elementor-widget-wrap elementor-element-populated\">\n\t\t\t\t\t\t<div class=\"elementor-element elementor-element-644d4631 elementor-widget elementor-widget-image\" data-id=\"644d4631\" data-element_type=\"widget\" data-widget_type=\"image.default\">\n\t\t\t\t<div class=\"elementor-widget-container\">\n\t\t\t\t\t\t\t\t\t\t\t\t\t\t\t\t<a href=\"https:\/\/co.napster.com\/artist\/jhonatan-montes\">\n\t\t\t\t\t\t\t<img loading=\"lazy\" decoding=\"async\" width=\"591\" height=\"161\" src=\"https:\/\/jhonatanmontes.com\/wp-content\/uploads\/2021\/08\/napster-logo-1-e1628738121310.png\" class=\"attachment-large size-large wp-image-933\" alt=\"\" srcset=\"https:\/\/jhonatanmontes.com\/wp-content\/uploads\/2021\/08\/napster-logo-1-e1628738121310.png 591w, https:\/\/jhonatanmontes.com\/wp-content\/uploads\/2021\/08\/napster-logo-1-e1628738121310-300x82.png 300w\" sizes=\"(max-width: 591px) 100vw, 591px\" \/>\t\t\t\t\t\t\t\t<\/a>\n\t\t\t\t\t\t\t\t\t\t\t\t\t\t\t<\/div>\n\t\t\t\t<\/div>\n\t\t\t\t\t<\/div>\n\t\t<\/div>\n\t\t\t\t\t<\/div>\n\t\t<\/section>\n\t\t\t\t\t<\/div>\n\t\t<\/div>\n\t\t\t\t\t<\/div>\n\t\t<\/section>\n\t\t\t\t<\/div>\n\t\t","protected":false},"excerpt":{"rendered":"<p>Esc\u00fachame en Deezer Esc\u00fachame en Spotify Escucha en Apple Music Esc\u00fachame en Napster Esc\u00fachame en Amazon Esc\u00fachame en Youtube Esc\u00fachame en Tidal Esc\u00fachame en tu plataforma digital favorita.<\/p>\n","protected":false},"author":1,"featured_media":0,"parent":0,"menu_order":0,"comment_status":"closed","ping_status":"closed","template":"","meta":{"site-sidebar-layout":"no-sidebar","site-content-layout":"page-builder","ast-site-content-layout":"","site-content-style":"default","site-sidebar-style":"default","ast-global-header-display":"","ast-banner-title-visibility":"","ast-main-header-display":"","ast-hfb-above-header-display":"","ast-hfb-below-header-display":"","ast-hfb-mobile-header-display":"","site-post-title":"disabled","ast-breadcrumbs-content":"","ast-featured-img":"disabled","footer-sml-layout":"","theme-transparent-header-meta":"enabled","adv-header-id-meta":"","stick-header-meta":"","header-above-stick-meta":"","header-main-stick-meta":"","header-below-stick-meta":"","astra-migrate-meta-layouts":"default","ast-page-background-enabled":"default","ast-page-background-meta":{"desktop":{"background-color":"","background-image":"","background-repeat":"repeat","background-position":"center center","background-size":"auto","background-attachment":"scroll","background-type":"","background-media":"","overlay-type":"","overlay-color":"","overlay-opacity":"","overlay-gradient":""},"tablet":{"background-color":"","background-image":"","background-repeat":"repeat","background-position":"center center","background-size":"auto","background-attachment":"scroll","background-type":"","background-media":"","overlay-type":"","overlay-color":"","overlay-opacity":"","overlay-gradient":""},"mobile":{"background-color":"","background-image":"","background-repeat":"repeat","background-position":"center center","background-size":"auto","background-attachment":"scroll","background-type":"","background-media":"","overlay-type":"","overlay-color":"","overlay-opacity":"","overlay-gradient":""}},"ast-content-background-meta":{"desktop":{"background-color":"var(--ast-global-color-5)","background-image":"","background-repeat":"repeat","background-position":"center center","background-size":"auto","background-attachment":"scroll","background-type":"","background-media":"","overlay-type":"","overlay-color":"","overlay-opacity":"","overlay-gradient":""},"tablet":{"background-color":"var(--ast-global-color-5)","background-image":"","background-repeat":"repeat","background-position":"center center","background-size":"auto","background-attachment":"scroll","background-type":"","background-media":"","overlay-type":"","overlay-color":"","overlay-opacity":"","overlay-gradient":""},"mobile":{"background-color":"var(--ast-global-color-5)","background-image":"","background-repeat":"repeat","background-position":"center center","background-size":"auto","background-attachment":"scroll","background-type":"","background-media":"","overlay-type":"","overlay-color":"","overlay-opacity":"","overlay-gradient":""}},"footnotes":""},"_links":{"self":[{"href":"https:\/\/jhonatanmontes.com\/index.php\/wp-json\/wp\/v2\/pages\/309"}],"collection":[{"href":"https:\/\/jhonatanmontes.com\/index.php\/wp-json\/wp\/v2\/pages"}],"about":[{"href":"https:\/\/jhonatanmontes.com\/index.php\/wp-json\/wp\/v2\/types\/page"}],"author":[{"embeddable":true,"href":"https:\/\/jhonatanmontes.com\/index.php\/wp-json\/wp\/v2\/users\/1"}],"replies":[{"embeddable":true,"href":"https:\/\/jhonatanmontes.com\/index.php\/wp-json\/wp\/v2\/comments?post=309"}],"version-history":[{"count":52,"href":"https:\/\/jhonatanmontes.com\/index.php\/wp-json\/wp\/v2\/pages\/309\/revisions"}],"predecessor-version":[{"id":2269,"href":"https:\/\/jhonatanmontes.com\/index.php\/wp-json\/wp\/v2\/pages\/309\/revisions\/2269"}],"wp:attachment":[{"href":"https:\/\/jhonatanmontes.com\/index.php\/wp-json\/wp\/v2\/media?parent=309"}],"curies":[{"name":"wp","href":"https:\/\/api.w.org\/{rel}","templated":true}]}}